{"id":961,"date":"2026-01-26T11:03:24","date_gmt":"2026-01-26T10:03:24","guid":{"rendered":"https:\/\/pennino.nl\/?page_id=961"},"modified":"2026-02-12T11:45:26","modified_gmt":"2026-02-12T10:45:26","slug":"unser-geschaft","status":"publish","type":"page","link":"https:\/\/pennino.nl\/de\/onze-zaken\/","title":{"rendered":"Unser-Gesch\u00e4ft"},"content":{"rendered":"<div data-elementor-type=\"wp-page\" data-elementor-id=\"961\" class=\"elementor elementor-961\" data-elementor-post-type=\"page\">\n\t\t\t\t<div class=\"elementor-element elementor-element-c848704 elementor-hidden-tablet elementor-hidden-mobile e-flex e-con-boxed e-con e-parent\" data-id=\"c848704\" data-element_type=\"container\" data-e-type=\"container\" data-settings=\"{&quot;background_background&quot;:&quot;classic&quot;,&quot;jet_parallax_layout_list&quot;:[]}\">\n\t\t\t\t\t<div class=\"e-con-inner\">\n\t\t\t\t\t<\/div>\n\t\t\t\t<\/div>\n\t\t<div class=\"elementor-element elementor-element-b6cb171 e-flex e-con-boxed e-con e-parent\" data-id=\"b6cb171\" data-element_type=\"container\" data-e-type=\"container\" data-settings=\"{&quot;jet_parallax_layout_list&quot;:[]}\">\n\t\t\t\t\t<div class=\"e-con-inner\">\n\t\t<div class=\"elementor-element elementor-element-d6010ed e-con-full e-flex e-con e-child\" data-id=\"d6010ed\" data-element_type=\"container\" data-e-type=\"container\" data-settings=\"{&quot;jet_parallax_layout_list&quot;:[]}\">\n\t\t\t\t<div class=\"elementor-element elementor-element-52873a3 de_scroll_animation_no elementor-invisible elementor-widget elementor-widget-text-editor\" data-id=\"52873a3\" data-element_type=\"widget\" data-e-type=\"widget\" data-settings=\"{&quot;_animation&quot;:&quot;fadeIn&quot;}\" data-widget_type=\"text-editor.default\">\n\t\t\t\t<div class=\"elementor-widget-container\">\n\t\t\t\t\t\t\t\t\t<p>Unser Gesch\u00e4ft<\/p>\t\t\t\t\t\t\t\t<\/div>\n\t\t\t\t<\/div>\n\t\t\t\t<div class=\"elementor-element elementor-element-1085510 de_scroll_animation_no elementor-invisible elementor-widget elementor-widget-heading\" data-id=\"1085510\" data-element_type=\"widget\" data-e-type=\"widget\" data-settings=\"{&quot;_animation&quot;:&quot;fadeIn&quot;,&quot;_animation_delay&quot;:200}\" data-widget_type=\"heading.default\">\n\t\t\t\t<div class=\"elementor-widget-container\">\n\t\t\t\t\t<h2 class=\"elementor-heading-title elementor-size-default\">Erfahrung z\u00e4hlt<\/h2>\t\t\t\t<\/div>\n\t\t\t\t<\/div>\n\t\t\t\t<div class=\"elementor-element elementor-element-42af8a2 de_scroll_animation_no elementor-invisible elementor-widget elementor-widget-text-editor\" data-id=\"42af8a2\" data-element_type=\"widget\" data-e-type=\"widget\" data-settings=\"{&quot;_animation&quot;:&quot;fadeIn&quot;,&quot;_animation_delay&quot;:400}\" data-widget_type=\"text-editor.default\">\n\t\t\t\t<div class=\"elementor-widget-container\">\n\t\t\t\t\t\t\t\t\t<p>Wo treffen Sie uns an? Wir vertreten Opfer und Hinterbliebene in vielen verschiedenen F\u00e4llen. Um einen Eindruck von unserem Fachwissen und unserer Erfahrung zu vermitteln, finden Sie hier eine Auswahl von F\u00e4llen (in keiner bestimmten Reihenfolge), in denen wir die Interessen von Opfern und Hinterbliebenen als Anw\u00e4lte f\u00fcr Personensch\u00e4den vertreten haben:<\/p>\t\t\t\t\t\t\t\t<\/div>\n\t\t\t\t<\/div>\n\t\t\t\t<div class=\"elementor-element elementor-element-6d98941 de_scroll_animation_no elementor-invisible elementor-widget elementor-widget-text-editor\" data-id=\"6d98941\" data-element_type=\"widget\" data-e-type=\"widget\" data-settings=\"{&quot;_animation&quot;:&quot;fadeIn&quot;,&quot;_animation_delay&quot;:400}\" data-widget_type=\"text-editor.default\">\n\t\t\t\t<div class=\"elementor-widget-container\">\n\t\t\t\t\t\t\t\t\t<p>Flugkatastrophe MH17: zwei Limburger Familien<br \/>Geisterfahrer A2 <br \/><span style=\"font-family: -apple-system, BlinkMacSystemFont, 'Segoe UI', Roboto, 'Helvetica Neue', Arial, 'Noto Sans', sans-serif, 'Apple Color Emoji', 'Segoe UI Emoji', 'Segoe UI Symbol', 'Noto Color Emoji';\">Sinnlose Gewalt Gulpen<br \/><\/span><span style=\"font-family: -apple-system, BlinkMacSystemFont, 'Segoe UI', Roboto, 'Helvetica Neue', Arial, 'Noto Sans', sans-serif, 'Apple Color Emoji', 'Segoe UI Emoji', 'Segoe UI Symbol', 'Noto Color Emoji';\">Pinkpop-Trag\u00f6die, verstorbenes Opfer und mehrere Opfer mit schweren Verletzungen<br \/>Mord in Maastrichter Unterkunft <br \/>Fall Valkenburg vice<br \/>P\u00e4diater strafrechtlich verurteilt <br \/>Unfall in Haanrade: Lkw bohrt sich in Schaufenster<br \/>Ermordung eines Taxifahrers<br \/>Arbeitsunfall: Reinigungskraft st\u00fcrzt bei Renovierung des Theaters in Heerlen 12 Meter in die Tiefe<br \/>Mord in Reijmerstok <br \/>T\u00f6dlicher Unfall in Maastricht: Junge Frau auf Motorroller von Teleskoplader erfasst<br \/>Berufskrankheit: POMS-Site<br \/>Eygelshoven, Chrom-6 und Verteidigung<br \/>Fall der Sitte: 11-J\u00e4hrige nach Missbrauch schwanger<br \/>Auto rammt minderj\u00e4hrigen Radfahrer in Treebeek, Hirnverletzung<br \/>Berufskrankheit: Mesotheliom Laura &amp; Vereeniging (Limburger Bergwerk)<br \/>Gabelstaplerunfall: Hirnverletzung nach Zusammensto\u00df in einem Lagerhaus<br \/>Landgraaf-Lasterfall: Vater missbraucht Tochter<br \/>Verkehrsunfall am Carboonplein in Kerkrade mit mehreren Verletzten<br \/>Bekkerveld-Explosion in Heerlen (Kupferdieb), Verletzung Stra\u00dfenarbeiter<br \/>Schockschaden f\u00fcr Eltern eines Jungen in der Kanalisation<br \/>\u00dcberfahrene Kuh auf Radweg: Hirnverletzung<br \/>\u00c4rztlicher Kunstfehler: Kind mit schweren Behinderungen geboren <br \/>Medizinischer Fehler im Krankenhaus: Baby wird falsch behandelt und f\u00fchrt zu sehr schwerem Beinl\u00e4ngenunterschied<br \/>Kluges Geld f\u00fcr Opfer von Wohnungsdiebstahl <br \/>Verkehrsunfall: Drei geistig behinderte Menschen auf Zebrastreifen in Nuth angefahren<br \/>Lasterfall Kerkrade: Pflegevater missbraucht Pflegetochter <br \/>Gabelstaplerunfall: Arbeiter bleibt stecken<br \/>Fehldiagnose im Krankenhaus: Beinamputation<br \/>Bootsunfall am Wehr Borgharen: zwei M\u00e4nner ertrinken<br \/>Unfall eines Berufssoldaten auf dem Luftwaffenst\u00fctzpunkt Volkel<br \/>PTTS-Einsatz Milit\u00e4r: Libanon <br \/>Messerstecherei in Schinveld, zwei Tote <br \/>Exzessive Gewalt durch T\u00fcrsteher im Nachtclub Bozzini <br \/>Verkehrsunfall auf der N276, t\u00f6dlicher Unfall in Porsche, entgegenkommendes Auto schwer verletzt <br \/>Kohlenmonoxidvergiftung in der Wohnung der Freundin Kerkrade, Hirnverletzung<br \/>Medizinischer Fehler (falsches Vertauschen von Schl\u00e4uchen) Krankenhaus Heerlen, R\u00fcckenmarksverletzung <br \/>Motorradunfall Polizeibeamter Maastricht, Mehrfachtrauma und Hirnverletzung<br \/>Schwerer Unfall \u00e4ltere Dame Maastricht, angefahren von Drogenkurier<br \/>Veolia-Bus schie\u00dft in Hoensbroek wie eine Rakete r\u00fcckw\u00e4rts, erfasst einen Jungen auf einem Fahrrad, rammt einen Baum und verursacht mehrere Verletzte<br \/><\/span>T\u00f6dlicher Unfall im Aufzugsschacht: Abbrucharbeiten<br \/>Lasterhafter Fall: 12-J\u00e4hriger von Cousin missbraucht<br \/>Junge Frau wird in Maaseik (B) aus Auto geworfen, Tod und Schock sch\u00e4digen Eltern<br \/>Fu\u00dfg\u00e4nger angefahren, Fahrer l\u00e4sst Auto in Teich fallen <br \/>T\u00f6dliche Explosion in Berg aan de Maas<br \/>Raub\u00fcberfall und versuchter Totschlag auf einen Limburger Astronauten in Hoensbroek<br \/>Aufzugsmechaniker wird eingeklemmt: Versto\u00df gegen Sicherheitsvorschriften <br \/>Verkehrsunfall auf der A12 bei Barendrecht, betrunkener Fahrer, Insasse mit Hirnverletzung<br \/>Arbeitsunfall im Hafen von Rotterdam: Kn\u00f6chel durch Metalltr\u00e4ger zertr\u00fcmmert<br \/>Stra\u00dfenpiraten auf der A2: Verletzte Jugendliche<br \/>Verkehrsunfall: Junge Fahrradfahrerin wird in Venlo t\u00f6dlich von Pkw erfasst <br \/>Verkehrsunfall in Deutschland: Pkw wird von rum\u00e4nischem Lkw erfasst<br \/>Motorradunfall in Noorbeek aufgrund eines Fehlers des Traktorfahrers <br \/>Gabelstaplerunfall: T\u00f6dlicher Winkel f\u00fchrt zu Unfall<br \/>Lkw-Fahrer mit zwei Unterschenkelamputationen<br \/>Ein Mitsch\u00fcler f\u00fcllt seine Wasserflasche mit wei\u00dfer Bleiche<br \/>T\u00f6dlicher Verkehrsunfall durch Aquaplaning auf der A79 bei Hulsberg, mit mehreren Verletzten<br \/>Ermordung eines Liebesrivalen in Kerkrade<br \/>T\u00f6dlicher Motorradunfall auf der Nationalstra\u00dfe von Gulpen nach Maastricht<br \/>Ermordung von Gino van der Straeten <br \/>Ermordung eines Mondrian-Mitarbeiters<br \/>Schwerer Unfall in Deutschland, bei dem zwei Kinder aus einer Familie sterben<br \/>Vors\u00e4tzliche Kollision mit schweren Verletzungen<br \/>Ermordung einer Sexarbeiterin in Amsterdam<br \/>Schwerer Unfall bei angeblichem Stra\u00dfenrennen<br \/>Unzucht treibender Tennislehrer<br \/>Verkehrskonflikt mit Gewalt<br \/>Raub\u00fcberfall auf der Stra\u00dfe, bei dem ein junger Mann unter ein Auto ger\u00e4t und stirbt<br \/>Rechtswidriges Verhalten einer Gesundheitseinrichtung<br \/>Liquidierung eines deutschen Gesch\u00e4ftsmannes in Bergen durch ehemalige US-Berufssoldaten<br \/>Frauenm\u00f6rderin Reagan Perez <br \/>Femizid Tiny Olfers<br \/>Der Stiefelmord<br \/>Einstweilige Verf\u00fcgung zum Stopp der medizinischen Behandlung Yasmin (3)<br \/>T\u00f6dlicher Arbeitsunfall bei Rd4 <br \/>T\u00f6dlicher Arbeitsunfall in Pilzfarm<br \/>Opfer eines mit \u00d6l werfenden Asylbewerbers in Sweikhuizen AZC<\/p>\t\t\t\t\t\t\t\t<\/div>\n\t\t\t\t<\/div>\n\t\t\t\t<\/div>\n\t\t\t\t\t<\/div>\n\t\t\t\t<\/div>\n\t\t\t\t<\/div>","protected":false},"excerpt":{"rendered":"<p>Onze zaken Ervaring telt Waar komt u ons tegen? Wij treden op voor slachtoffers en nabestaanden in veel verschillende soorten zaken. Om een indruk te krijgen in onze deskundigheid en ervaring geven wij hier een selectie van zaken (in willekeurige volgorde) waarin wij als letselschadeadvocaat de belangen van slachtoffers en nabestaanden hebben behartigd\/behartigen: Vliegramp MH17: [&hellip;]<\/p>\n","protected":false},"author":1,"featured_media":0,"parent":0,"menu_order":0,"comment_status":"closed","ping_status":"closed","template":"elementor_header_footer","meta":{"footnotes":""},"class_list":["post-961","page","type-page","status-publish","hentry"],"_links":{"self":[{"href":"https:\/\/pennino.nl\/de\/wp-json\/wp\/v2\/pages\/961","targetHints":{"allow":["GET"]}}],"collection":[{"href":"https:\/\/pennino.nl\/de\/wp-json\/wp\/v2\/pages"}],"about":[{"href":"https:\/\/pennino.nl\/de\/wp-json\/wp\/v2\/types\/page"}],"author":[{"embeddable":true,"href":"https:\/\/pennino.nl\/de\/wp-json\/wp\/v2\/users\/1"}],"replies":[{"embeddable":true,"href":"https:\/\/pennino.nl\/de\/wp-json\/wp\/v2\/comments?post=961"}],"version-history":[{"count":13,"href":"https:\/\/pennino.nl\/de\/wp-json\/wp\/v2\/pages\/961\/revisions"}],"predecessor-version":[{"id":1526,"href":"https:\/\/pennino.nl\/de\/wp-json\/wp\/v2\/pages\/961\/revisions\/1526"}],"wp:attachment":[{"href":"https:\/\/pennino.nl\/de\/wp-json\/wp\/v2\/media?parent=961"}],"curies":[{"name":"wp","href":"https:\/\/api.w.org\/{rel}","templated":true}]}}