{"id":949,"date":"2026-01-26T10:59:08","date_gmt":"2026-01-26T09:59:08","guid":{"rendered":"https:\/\/pennino.nl\/?page_id=949"},"modified":"2026-02-13T13:38:53","modified_gmt":"2026-02-13T12:38:53","slug":"zusammenarbeit","status":"publish","type":"page","link":"https:\/\/pennino.nl\/de\/samenwerking\/","title":{"rendered":"Zusammenarbeit"},"content":{"rendered":"<div data-elementor-type=\"wp-page\" data-elementor-id=\"949\" class=\"elementor elementor-949\" data-elementor-post-type=\"page\">\n\t\t\t\t<div class=\"elementor-element elementor-element-5f0de36 elementor-hidden-tablet elementor-hidden-mobile e-flex e-con-boxed e-con e-parent\" data-id=\"5f0de36\" data-element_type=\"container\" data-e-type=\"container\" data-settings=\"{&quot;background_background&quot;:&quot;classic&quot;,&quot;jet_parallax_layout_list&quot;:[]}\">\n\t\t\t\t\t<div class=\"e-con-inner\">\n\t\t\t\t\t<\/div>\n\t\t\t\t<\/div>\n\t\t<div class=\"elementor-element elementor-element-b6cb171 e-flex e-con-boxed e-con e-parent\" data-id=\"b6cb171\" data-element_type=\"container\" data-e-type=\"container\" data-settings=\"{&quot;jet_parallax_layout_list&quot;:[]}\">\n\t\t\t\t\t<div class=\"e-con-inner\">\n\t\t<div class=\"elementor-element elementor-element-d6010ed e-con-full e-flex e-con e-child\" data-id=\"d6010ed\" data-element_type=\"container\" data-e-type=\"container\" data-settings=\"{&quot;jet_parallax_layout_list&quot;:[]}\">\n\t\t\t\t<div class=\"elementor-element elementor-element-4106864 de_scroll_animation_no elementor-invisible elementor-widget elementor-widget-text-editor\" data-id=\"4106864\" data-element_type=\"widget\" data-e-type=\"widget\" data-settings=\"{&quot;_animation&quot;:&quot;fadeIn&quot;}\" data-widget_type=\"text-editor.default\">\n\t\t\t\t<div class=\"elementor-widget-container\">\n\t\t\t\t\t\t\t\t\t<p>Zusammenarbeit<\/p>\t\t\t\t\t\t\t\t<\/div>\n\t\t\t\t<\/div>\n\t\t\t\t<div class=\"elementor-element elementor-element-1085510 de_scroll_animation_no elementor-invisible elementor-widget elementor-widget-heading\" data-id=\"1085510\" data-element_type=\"widget\" data-e-type=\"widget\" data-settings=\"{&quot;_animation&quot;:&quot;fadeIn&quot;,&quot;_animation_delay&quot;:200}\" data-widget_type=\"heading.default\">\n\t\t\t\t<div class=\"elementor-widget-container\">\n\t\t\t\t\t<h2 class=\"elementor-heading-title elementor-size-default\">Pennino Anw\u00e4lte<\/h2>\t\t\t\t<\/div>\n\t\t\t\t<\/div>\n\t\t\t\t<div class=\"elementor-element elementor-element-42af8a2 de_scroll_animation_no elementor-invisible elementor-widget elementor-widget-text-editor\" data-id=\"42af8a2\" data-element_type=\"widget\" data-e-type=\"widget\" data-settings=\"{&quot;_animation&quot;:&quot;fadeIn&quot;,&quot;_animation_delay&quot;:400}\" data-widget_type=\"text-editor.default\">\n\t\t\t\t<div class=\"elementor-widget-container\">\n\t\t\t\t\t\t\t\t\t<p>Pennino Lawyers hat eine Partnerschaft mit Rosa Odink Victim Advocacy. Rosa Odink hat mit uns als Anw\u00e4ltin zusammengearbeitet und hat seit dem 1. April 2025 ihre eigene Anwaltskanzlei unter dem Namen ROSA.<\/p><p>Unsere Zusammenarbeit besteht darin, Wissen auszutauschen und uns gegenseitig F\u00e4lle zu \u00fcbertragen, insbesondere F\u00e4lle von Opfern. Pennino Lawyers und ROSA c.q. Herr Rosa Odink sind zwei rechtlich und finanziell v\u00f6llig getrennte Unternehmen.<\/p><p>In dem Moment, in dem wir einen Fall an ROSA weiterleiten oder \u00fcbertragen, tragen wir nicht mehr die Verantwortung f\u00fcr den Fall. Die volle Verantwortung f\u00fcr den Fall liegt bei ROSA c.a. Herrn Rosa Odink.<\/p><p><span data-olk-copy-source=\"MessageBody\">Pennino Advocaten ist nach den Regeln der Berufshaftpflicht der niederl\u00e4ndischen Anwaltskammer bei HDI Global Specialty SE (Postfach 925, 3000 AX in Rotterdam, Policennummer: PL-0PI061466490021\/03) versichert. Diese Versicherung sch\u00fctzt die Kanzlei und ihre Anw\u00e4lte vor Anspr\u00fcchen wegen beruflicher Verfehlungen bei der Erbringung von Rechtsdienstleistungen.<\/span><\/p>\t\t\t\t\t\t\t\t<\/div>\n\t\t\t\t<\/div>\n\t\t\t\t<\/div>\n\t\t\t\t\t<\/div>\n\t\t\t\t<\/div>\n\t\t\t\t<\/div>","protected":false},"excerpt":{"rendered":"<p>Samenwerking Pennino advocaten Pennino Advocaten heeft een samenwerking met Rosa Odink Slachtoffer Advocatuur. Rosa Odink heeft bij ons als advocaat gewerkt en heeft sinds 1 april 2025 een eigen advocatenkantoor onder de naam ROSA. Onze samenwerking bestaat uit het delen van kennis en het doorsturen van zaken aan elkaar, met name slachtofferzaken. Pennino Advocaten en [&hellip;]<\/p>\n","protected":false},"author":1,"featured_media":0,"parent":0,"menu_order":0,"comment_status":"closed","ping_status":"closed","template":"elementor_header_footer","meta":{"footnotes":""},"class_list":["post-949","page","type-page","status-publish","hentry"],"_links":{"self":[{"href":"https:\/\/pennino.nl\/de\/wp-json\/wp\/v2\/pages\/949","targetHints":{"allow":["GET"]}}],"collection":[{"href":"https:\/\/pennino.nl\/de\/wp-json\/wp\/v2\/pages"}],"about":[{"href":"https:\/\/pennino.nl\/de\/wp-json\/wp\/v2\/types\/page"}],"author":[{"embeddable":true,"href":"https:\/\/pennino.nl\/de\/wp-json\/wp\/v2\/users\/1"}],"replies":[{"embeddable":true,"href":"https:\/\/pennino.nl\/de\/wp-json\/wp\/v2\/comments?post=949"}],"version-history":[{"count":10,"href":"https:\/\/pennino.nl\/de\/wp-json\/wp\/v2\/pages\/949\/revisions"}],"predecessor-version":[{"id":1584,"href":"https:\/\/pennino.nl\/de\/wp-json\/wp\/v2\/pages\/949\/revisions\/1584"}],"wp:attachment":[{"href":"https:\/\/pennino.nl\/de\/wp-json\/wp\/v2\/media?parent=949"}],"curies":[{"name":"wp","href":"https:\/\/api.w.org\/{rel}","templated":true}]}}