{"id":935,"date":"2026-01-26T10:35:13","date_gmt":"2026-01-26T09:35:13","guid":{"rendered":"https:\/\/pennino.nl\/?page_id=935"},"modified":"2026-02-12T12:16:12","modified_gmt":"2026-02-12T11:16:12","slug":"erklarung-zum-datenschutz","status":"publish","type":"page","link":"https:\/\/pennino.nl\/de\/privacy-statement\/","title":{"rendered":"Erkl\u00e4rung zum Datenschutz"},"content":{"rendered":"<div data-elementor-type=\"wp-page\" data-elementor-id=\"935\" class=\"elementor elementor-935\" data-elementor-post-type=\"page\">\n\t\t\t\t<div class=\"elementor-element elementor-element-0099b2c elementor-hidden-tablet elementor-hidden-mobile e-flex e-con-boxed e-con e-parent\" data-id=\"0099b2c\" data-element_type=\"container\" data-e-type=\"container\" data-settings=\"{&quot;background_background&quot;:&quot;classic&quot;,&quot;jet_parallax_layout_list&quot;:[]}\">\n\t\t\t\t\t<div class=\"e-con-inner\">\n\t\t\t\t\t<\/div>\n\t\t\t\t<\/div>\n\t\t<div class=\"elementor-element elementor-element-b6cb171 e-flex e-con-boxed e-con e-parent\" data-id=\"b6cb171\" data-element_type=\"container\" data-e-type=\"container\" data-settings=\"{&quot;jet_parallax_layout_list&quot;:[]}\">\n\t\t\t\t\t<div class=\"e-con-inner\">\n\t\t<div class=\"elementor-element elementor-element-d6010ed e-con-full e-flex e-con e-child\" data-id=\"d6010ed\" data-element_type=\"container\" data-e-type=\"container\" data-settings=\"{&quot;jet_parallax_layout_list&quot;:[]}\">\n\t\t\t\t<div class=\"elementor-element elementor-element-4106864 de_scroll_animation_no elementor-invisible elementor-widget elementor-widget-text-editor\" data-id=\"4106864\" data-element_type=\"widget\" data-e-type=\"widget\" data-settings=\"{&quot;_animation&quot;:&quot;fadeIn&quot;}\" data-widget_type=\"text-editor.default\">\n\t\t\t\t<div class=\"elementor-widget-container\">\n\t\t\t\t\t\t\t\t\t<p>Erkl\u00e4rung zum Datenschutz<\/p>\t\t\t\t\t\t\t\t<\/div>\n\t\t\t\t<\/div>\n\t\t\t\t<div class=\"elementor-element elementor-element-1085510 de_scroll_animation_no elementor-invisible elementor-widget elementor-widget-heading\" data-id=\"1085510\" data-element_type=\"widget\" data-e-type=\"widget\" data-settings=\"{&quot;_animation&quot;:&quot;fadeIn&quot;,&quot;_animation_delay&quot;:200}\" data-widget_type=\"heading.default\">\n\t\t\t\t<div class=\"elementor-widget-container\">\n\t\t\t\t\t<h2 class=\"elementor-heading-title elementor-size-default\">Pennino Anw\u00e4lte<\/h2>\t\t\t\t<\/div>\n\t\t\t\t<\/div>\n\t\t\t\t<div class=\"elementor-element elementor-element-42af8a2 de_scroll_animation_no elementor-invisible elementor-widget elementor-widget-text-editor\" data-id=\"42af8a2\" data-element_type=\"widget\" data-e-type=\"widget\" data-settings=\"{&quot;_animation&quot;:&quot;fadeIn&quot;,&quot;_animation_delay&quot;:400}\" data-widget_type=\"text-editor.default\">\n\t\t\t\t<div class=\"elementor-widget-container\">\n\t\t\t\t\t\t\t\t\t<p>Pennino Advocaten, mit Sitz in Kerkrade und Maastricht, legt gro\u00dfen Wert auf den Schutz personenbezogener Daten. Diese Datenschutzerkl\u00e4rung erl\u00e4utert, wie Pennino Advocaten mit Informationen \u00fcber eine identifizierte oder identifizierbare nat\u00fcrliche Person im Sinne der Allgemeinen Datenschutzverordnung (AVG) umgeht.<\/p>\t\t\t\t\t\t\t\t<\/div>\n\t\t\t\t<\/div>\n\t\t\t\t<div class=\"elementor-element elementor-element-3433fc5 de_scroll_animation_no elementor-invisible elementor-widget elementor-widget-heading\" data-id=\"3433fc5\" data-element_type=\"widget\" data-e-type=\"widget\" data-settings=\"{&quot;_animation&quot;:&quot;fadeIn&quot;,&quot;_animation_delay&quot;:200}\" data-widget_type=\"heading.default\">\n\t\t\t\t<div class=\"elementor-widget-container\">\n\t\t\t\t\t<h2 class=\"elementor-heading-title elementor-size-default\">1. Anmeldung<\/h2>\t\t\t\t<\/div>\n\t\t\t\t<\/div>\n\t\t\t\t<div class=\"elementor-element elementor-element-451426a de_scroll_animation_no elementor-invisible elementor-widget elementor-widget-text-editor\" data-id=\"451426a\" data-element_type=\"widget\" data-e-type=\"widget\" data-settings=\"{&quot;_animation&quot;:&quot;fadeIn&quot;,&quot;_animation_delay&quot;:400}\" data-widget_type=\"text-editor.default\">\n\t\t\t\t<div class=\"elementor-widget-container\">\n\t\t\t\t\t\t\t\t\t<p>Diese Datenschutzerkl\u00e4rung gilt f\u00fcr die folgenden Kategorien nat\u00fcrlicher Personen, von denen Pennino Advocaten personenbezogene Daten verarbeitet: <br \/>a. (potenzielle) Kunden; <br \/>b. Besucher in den B\u00fcror\u00e4umen von Pennino Advocaten; <br \/>c. Besucher der Website von Pennino Advocaten; <br \/>d. Empf\u00e4nger von Newslettern von Pennino Advocaten; <br \/>e. Teilnehmer an Treffen von Pennino Advocaten; <br \/>f. Antragsteller; <br \/>g. alle anderen Personen, die mit Pennino Advocaten Kontakt aufnehmen oder deren pers\u00f6nliche Daten Pennino Advocaten verarbeitet, mit ui<\/p>\t\t\t\t\t\t\t\t<\/div>\n\t\t\t\t<\/div>\n\t\t\t\t<div class=\"elementor-element elementor-element-66c5d60 de_scroll_animation_no elementor-invisible elementor-widget elementor-widget-heading\" data-id=\"66c5d60\" data-element_type=\"widget\" data-e-type=\"widget\" data-settings=\"{&quot;_animation&quot;:&quot;fadeIn&quot;,&quot;_animation_delay&quot;:200}\" data-widget_type=\"heading.default\">\n\t\t\t\t<div class=\"elementor-widget-container\">\n\t\t\t\t\t<h2 class=\"elementor-heading-title elementor-size-default\">2. Verarbeitung von personenbezogenen Daten<\/h2>\t\t\t\t<\/div>\n\t\t\t\t<\/div>\n\t\t\t\t<div class=\"elementor-element elementor-element-e89573e de_scroll_animation_no elementor-invisible elementor-widget elementor-widget-text-editor\" data-id=\"e89573e\" data-element_type=\"widget\" data-e-type=\"widget\" data-settings=\"{&quot;_animation&quot;:&quot;fadeIn&quot;,&quot;_animation_delay&quot;:400}\" data-widget_type=\"text-editor.default\">\n\t\t\t\t<div class=\"elementor-widget-container\">\n\t\t\t\t\t\t\t\t\t<p>Pennino Advocaten verarbeitet personenbezogene Daten, die: <br \/>a. eine betroffene Person pers\u00f6nlich (bei einem Treffen oder einer Besprechung), telefonisch oder digital (per E-Mail oder \u00fcber Webformulare auf der Website des B\u00fcros) ihre Kontaktdaten und - je nach Art des Anlasses oder Falls - andere personenbezogene Daten zur Verf\u00fcgung gestellt hat; <br \/>b. von einem Berufshaftpflicht- oder Rechtsschutzversicherer, einem Berufsverband oder einer Berufsgenossenschaft zum Zwecke der Bearbeitung eines Falles zur Verf\u00fcgung gestellt werden; <br \/>c. w\u00e4hrend des Besuchs einer betroffenen Person auf der Website von Pennino Advocaten oder beim Lesen von digitalen Newslettern generiert wurden, wie z. B. die IP-Adresse, das Surfverhalten auf der Website (wie z. B. Daten \u00fcber den ersten Besuch, den vorherigen Besuch und den aktuellen Besuch, die aufgerufenen Seiten und die Art und Weise, wie durch die Website navigiert wird), ob die betroffene Person einen Newsletter oder eine Werbe-E-Mail \u00f6ffnet und welche Teile davon die betroffene Person anklickt; <br \/>d. beim Besuch der B\u00fcror\u00e4ume von Pennino Advocaten durch Kamerabilder aufgezeichnet worden sind. In den B\u00fcror\u00e4umen in Kerkrade werden Kamerabilder gemacht, um im Notfall zu wissen, wer sich im Geb\u00e4ude aufh\u00e4lt, und um sicherzustellen, dass Unbefugte keinen Zugang zu den B\u00fcror\u00e4umen erhalten. Die Kamerabilder werden im Prinzip nach (...) Tagen vernichtet]; <br \/>e. Pennino Advocaten hat aus anderen Quellen, darunter Social-Media-Plattformen von Unternehmen wie LinkedIn, \u00f6ffentliche Unternehmenswebsites, das Handelsregister der Handelskammer, das Grundbuchamt, wie ausgef\u00fcllte und erforderliche Kontaktdaten und andere personenbezogene Daten abgeleitet.<\/p><p>Die Website von Pennino Advocaten enth\u00e4lt Hyperlinks zu Websites anderer Parteien und Schaltfl\u00e4chen f\u00fcr soziale Medien von Twitter, Facebook und\/oder LinkedIn. Wenn diese Schaltfl\u00e4chen angeklickt werden, werden personenbezogene Daten von der jeweiligen Social-Media-Plattform verarbeitet. Pennino Advocaten ist nicht verantwortlich f\u00fcr den Inhalt dieser Websites oder die Dienste dieser Social-Media-Plattformen. Pennino Advocaten ist auch nicht verantwortlich f\u00fcr die Datenschutzrichtlinien und die Verwendung von Cookies auf diesen Websites und Social-Media-Plattformen. Antworten auf die Frage, wie Twitter und LinkedIn mit personenbezogenen Daten umgehen, finden Sie in den Datenschutzerkl\u00e4rungen dieser Plattformen.<\/p>\t\t\t\t\t\t\t\t<\/div>\n\t\t\t\t<\/div>\n\t\t\t\t<div class=\"elementor-element elementor-element-b9a7666 de_scroll_animation_no elementor-invisible elementor-widget elementor-widget-heading\" data-id=\"b9a7666\" data-element_type=\"widget\" data-e-type=\"widget\" data-settings=\"{&quot;_animation&quot;:&quot;fadeIn&quot;,&quot;_animation_delay&quot;:200}\" data-widget_type=\"heading.default\">\n\t\t\t\t<div class=\"elementor-widget-container\">\n\t\t\t\t\t<h2 class=\"elementor-heading-title elementor-size-default\">3. Zwecke der Verarbeitung<\/h2>\t\t\t\t<\/div>\n\t\t\t\t<\/div>\n\t\t\t\t<div class=\"elementor-element elementor-element-c6d6d62 de_scroll_animation_no elementor-invisible elementor-widget elementor-widget-text-editor\" data-id=\"c6d6d62\" data-element_type=\"widget\" data-e-type=\"widget\" data-settings=\"{&quot;_animation&quot;:&quot;fadeIn&quot;,&quot;_animation_delay&quot;:400}\" data-widget_type=\"text-editor.default\">\n\t\t\t\t<div class=\"elementor-widget-container\">\n\t\t\t\t\t\t\t\t\t<p>Pennino Advocaten verarbeitet personenbezogene Daten f\u00fcr die folgenden Zwecke: <br \/>a. Abschluss einer Vereinbarung \u00fcber die Erbringung von Rechtsdienstleistungen und Abrechnung der geleisteten Arbeit; <br \/>b. Erf\u00fcllung einer gesetzlichen Verpflichtung, einschlie\u00dflich des Gesetzes zur Verhinderung der Geldw\u00e4sche und der Finanzierung des Terrorismus (Wwft); <br \/>c. Beantragung von finanzierter Prozesskostenhilfe; <br \/>d. Aufrechterhaltung des Kontakts durch Zusendung des Newsletters des B\u00fcros, Einladungen zu Sitzungen und von der betroffenen Person selbst angeforderte Informationen; <br \/>e. Verbesserung von Produkt- und Serviceinformationen und Durchf\u00fchrung von gezielten Marketingkampagnen, um Kunden\/Zielgruppen mit relevanten Informationen zu versorgen, ohne dass besondere personenbezogene Daten oder vertrauliche Daten in die Kombination und Analyse der zu diesem Zweck erforderlichen Daten einbezogen werden und ohne dass individuelle Kundenprofile erstellt werden; <br \/>f. die Bewertung einer Veranstaltung (z. B. eines Workshops oder Seminars) auf der Grundlage der von den Teilnehmern ausgef\u00fcllten Bewertungsb\u00f6gen; g. die Verbesserung der Website des B\u00fcros Pennino Advocaten; <br \/>h. F\u00fchrung von Benutzerstatistiken. Die Benutzerstatistiken der B\u00fcro-Website geben Aufschluss \u00fcber die Anzahl der Besucher, die Dauer des Besuchs, welche Teile der Website angesehen werden und das Klickverhalten. Dabei handelt es sich um generische Berichte, die nicht auf einzelne Besucher zur\u00fcckgef\u00fchrt werden k\u00f6nnen; <br \/>i. \u00dcberwachung des Zugangs zum B\u00fcro und Schutz vertraulicher Daten.<\/p>\t\t\t\t\t\t\t\t<\/div>\n\t\t\t\t<\/div>\n\t\t\t\t<div class=\"elementor-element elementor-element-4d6dd20 de_scroll_animation_no elementor-invisible elementor-widget elementor-widget-heading\" data-id=\"4d6dd20\" data-element_type=\"widget\" data-e-type=\"widget\" data-settings=\"{&quot;_animation&quot;:&quot;fadeIn&quot;,&quot;_animation_delay&quot;:200}\" data-widget_type=\"heading.default\">\n\t\t\t\t<div class=\"elementor-widget-container\">\n\t\t\t\t\t<h2 class=\"elementor-heading-title elementor-size-default\">4. Rechtsgrundlage<\/h2>\t\t\t\t<\/div>\n\t\t\t\t<\/div>\n\t\t\t\t<div class=\"elementor-element elementor-element-68f8048 de_scroll_animation_no elementor-invisible elementor-widget elementor-widget-text-editor\" data-id=\"68f8048\" data-element_type=\"widget\" data-e-type=\"widget\" data-settings=\"{&quot;_animation&quot;:&quot;fadeIn&quot;,&quot;_animation_delay&quot;:400}\" data-widget_type=\"text-editor.default\">\n\t\t\t\t<div class=\"elementor-widget-container\">\n\t\t\t\t\t\t\t\t\t<p>Pennino Advocaten verarbeitet personenbezogene Daten aus den folgenden Rechtsgr\u00fcnden: <br \/>a. die Einwilligung der betroffenen Person, die jederzeit widerrufen werden kann, wobei die Rechtm\u00e4\u00dfigkeit der auf der Einwilligung beruhenden Verarbeitung vor dem Widerruf unber\u00fchrt bleibt;\u00a0<br \/>b. Abschluss einer Vereinbarung \u00fcber die Erbringung von Rechtsdienstleistungen, einschlie\u00dflich der Abrechnung mit Dritten (Rechtshilfekammer, Versicherungsgesellschaft usw.); <br \/>c. eine gesetzliche Verpflichtung, wie z. B. nach dem Wwft und dem Prozesskostenhilfegesetz, die Anw\u00e4lte dazu verpflichten, bestimmte Informationen einzuholen und aufzuzeichnen; <br \/>d. ein berechtigtes Interesse, z. B. die Verwendung von Kontaktdaten, um zu einem Treffen (z. B. einem Workshop oder Seminar) einzuladen oder den Newsletter des B\u00fcros zu versenden.<\/p>\t\t\t\t\t\t\t\t<\/div>\n\t\t\t\t<\/div>\n\t\t\t\t<div class=\"elementor-element elementor-element-7d90e64 de_scroll_animation_no elementor-invisible elementor-widget elementor-widget-heading\" data-id=\"7d90e64\" data-element_type=\"widget\" data-e-type=\"widget\" data-settings=\"{&quot;_animation&quot;:&quot;fadeIn&quot;,&quot;_animation_delay&quot;:200}\" data-widget_type=\"heading.default\">\n\t\t\t\t<div class=\"elementor-widget-container\">\n\t\t\t\t\t<h2 class=\"elementor-heading-title elementor-size-default\">5. Prozessoren<\/h2>\t\t\t\t<\/div>\n\t\t\t\t<\/div>\n\t\t\t\t<div class=\"elementor-element elementor-element-93e68b5 de_scroll_animation_no elementor-invisible elementor-widget elementor-widget-text-editor\" data-id=\"93e68b5\" data-element_type=\"widget\" data-e-type=\"widget\" data-settings=\"{&quot;_animation&quot;:&quot;fadeIn&quot;,&quot;_animation_delay&quot;:400}\" data-widget_type=\"text-editor.default\">\n\t\t\t\t<div class=\"elementor-widget-container\">\n\t\t\t\t\t\t\t\t\t<p>Pennino Advocaten kann Dienstleister (Auftragsverarbeiter) mit der Verarbeitung personenbezogener Daten beauftragen, die personenbezogene Daten ausschlie\u00dflich auf Anweisung von Pennino Advocaten verarbeiten. Pennino Advocaten schlie\u00dft mit den Auftragsverarbeitern einen Verarbeitungsvertrag ab, der den Anforderungen der Allgemeinen Datenschutzverordnung (AVG) entspricht. Pennino Advocaten beauftragt einen IT-Dienstleister mit der Verwaltung und Sicherung der IT-Umgebung des B\u00fcros.<\/p>\t\t\t\t\t\t\t\t<\/div>\n\t\t\t\t<\/div>\n\t\t\t\t<div class=\"elementor-element elementor-element-ef95dbf de_scroll_animation_no elementor-invisible elementor-widget elementor-widget-heading\" data-id=\"ef95dbf\" data-element_type=\"widget\" data-e-type=\"widget\" data-settings=\"{&quot;_animation&quot;:&quot;fadeIn&quot;,&quot;_animation_delay&quot;:200}\" data-widget_type=\"heading.default\">\n\t\t\t\t<div class=\"elementor-widget-container\">\n\t\t\t\t\t<h2 class=\"elementor-heading-title elementor-size-default\">6. Weitergabe personenbezogener Daten an Dritte<\/h2>\t\t\t\t<\/div>\n\t\t\t\t<\/div>\n\t\t\t\t<div class=\"elementor-element elementor-element-e3e8f86 de_scroll_animation_no elementor-invisible elementor-widget elementor-widget-text-editor\" data-id=\"e3e8f86\" data-element_type=\"widget\" data-e-type=\"widget\" data-settings=\"{&quot;_animation&quot;:&quot;fadeIn&quot;,&quot;_animation_delay&quot;:400}\" data-widget_type=\"text-editor.default\">\n\t\t\t\t<div class=\"elementor-widget-container\">\n\t\t\t\t\t\t\t\t\t<p>Pennino Advocaten gibt personenbezogene Daten an Dritte weiter, wenn dies f\u00fcr die Bearbeitung eines Falles oder zur Erf\u00fcllung einer rechtlichen Verpflichtung erforderlich ist. F\u00fcr die Bearbeitung eines Falles kann es erforderlich sein, personenbezogene Daten im Rahmen eines Gerichtsverfahrens (z. B. mit einer Justizbeh\u00f6rde oder (dem Anwalt der) gegnerischen Partei), des Abschlusses eines Vertrages (z. B. (dem Anwalt der) anderen Vertragsparteien), der Inanspruchnahme von Dienstleistungen (z. B. gegen\u00fcber dem Legal Aid Board oder einem Versicherer) oder als Reaktion auf eine gerichtliche Anordnung (z. B. einem Gerichtsvollzieher) weiterzugeben. Die Erf\u00fcllung einer gesetzlichen Verpflichtung kann die Meldung ungew\u00f6hnlicher Vorg\u00e4nge an Aufsichtsbeh\u00f6rden beinhalten. Pennino Advocaten gibt keine personenbezogenen Daten zu kommerziellen Zwecken an Dritte weiter.<\/p>\t\t\t\t\t\t\t\t<\/div>\n\t\t\t\t<\/div>\n\t\t\t\t<div class=\"elementor-element elementor-element-182621c de_scroll_animation_no elementor-invisible elementor-widget elementor-widget-heading\" data-id=\"182621c\" data-element_type=\"widget\" data-e-type=\"widget\" data-settings=\"{&quot;_animation&quot;:&quot;fadeIn&quot;,&quot;_animation_delay&quot;:200}\" data-widget_type=\"heading.default\">\n\t\t\t\t<div class=\"elementor-widget-container\">\n\t\t\t\t\t<h2 class=\"elementor-heading-title elementor-size-default\">7. \u00dcbermittlung au\u00dferhalb des EWR<\/h2>\t\t\t\t<\/div>\n\t\t\t\t<\/div>\n\t\t\t\t<div class=\"elementor-element elementor-element-4dc0e8f de_scroll_animation_no elementor-invisible elementor-widget elementor-widget-text-editor\" data-id=\"4dc0e8f\" data-element_type=\"widget\" data-e-type=\"widget\" data-settings=\"{&quot;_animation&quot;:&quot;fadeIn&quot;,&quot;_animation_delay&quot;:400}\" data-widget_type=\"text-editor.default\">\n\t\t\t\t<div class=\"elementor-widget-container\">\n\t\t\t\t\t\t\t\t\t<p>Pennino Advocaten \u00fcbermittelt grunds\u00e4tzlich keine personenbezogenen Daten in L\u00e4nder au\u00dferhalb des Europ\u00e4ischen Wirtschaftsraums (EWR). Sollte dies dennoch erforderlich sein, stellt Pennino Advocaten sicher, dass die \u00dcbermittlung nur dann erfolgt, wenn die Europ\u00e4ische Kommission angegeben hat, dass das betreffende Land ein angemessenes Schutzniveau bietet oder wenn es angemessene Garantien im Sinne der Allgemeinen Datenschutzverordnung (AVG) gibt.<\/p>\t\t\t\t\t\t\t\t<\/div>\n\t\t\t\t<\/div>\n\t\t\t\t<div class=\"elementor-element elementor-element-f5651df de_scroll_animation_no elementor-invisible elementor-widget elementor-widget-heading\" data-id=\"f5651df\" data-element_type=\"widget\" data-e-type=\"widget\" data-settings=\"{&quot;_animation&quot;:&quot;fadeIn&quot;,&quot;_animation_delay&quot;:200}\" data-widget_type=\"heading.default\">\n\t\t\t\t<div class=\"elementor-widget-container\">\n\t\t\t\t\t<h2 class=\"elementor-heading-title elementor-size-default\">8. Aufbewahrung von Daten<\/h2>\t\t\t\t<\/div>\n\t\t\t\t<\/div>\n\t\t\t\t<div class=\"elementor-element elementor-element-63024f0 de_scroll_animation_no elementor-invisible elementor-widget elementor-widget-text-editor\" data-id=\"63024f0\" data-element_type=\"widget\" data-e-type=\"widget\" data-settings=\"{&quot;_animation&quot;:&quot;fadeIn&quot;,&quot;_animation_delay&quot;:400}\" data-widget_type=\"text-editor.default\">\n\t\t\t\t<div class=\"elementor-widget-container\">\n\t\t\t\t\t\t\t\t\t<p>Pennino Advocaten bewahrt personenbezogene Daten nicht l\u00e4nger als n\u00f6tig auf. Pennino Advocaten wendet im Prinzip die folgenden Aufbewahrungsfristen an: <br \/>a. Papierakte: 7 Jahre nach Abschluss des Falls; <br \/>b. digitale Fallakte: nach Abschluss des Falles, im Prinzip ohne zeitliche Begrenzung; <br \/>c. (Finanz-)Verwaltungsdaten: 7 Jahre nach der Datenerfassung; <br \/>d. Bewerberdaten: 4 Wochen nach Abschluss des Bewerbungsverfahrens; 4 <br \/>e. Besucher der Website von Pennino Advocaten und Empf\u00e4nger von Newslettern von Pennino Advocaten: 5 Jahre nach dem letzten Besuch der Website bzw. nach dem Abbestellen des Newsletters, es sei denn, es wird fr\u00fcher Einspruch erhoben, in welchem Fall die Vernichtung erfolgt.<\/p>\t\t\t\t\t\t\t\t<\/div>\n\t\t\t\t<\/div>\n\t\t\t\t<div class=\"elementor-element elementor-element-e6037be de_scroll_animation_no elementor-invisible elementor-widget elementor-widget-heading\" data-id=\"e6037be\" data-element_type=\"widget\" data-e-type=\"widget\" data-settings=\"{&quot;_animation&quot;:&quot;fadeIn&quot;,&quot;_animation_delay&quot;:200}\" data-widget_type=\"heading.default\">\n\t\t\t\t<div class=\"elementor-widget-container\">\n\t\t\t\t\t<h2 class=\"elementor-heading-title elementor-size-default\">9. \u00c4nderungen der Datenschutzerkl\u00e4rung<\/h2>\t\t\t\t<\/div>\n\t\t\t\t<\/div>\n\t\t\t\t<div class=\"elementor-element elementor-element-43d65fe de_scroll_animation_no elementor-invisible elementor-widget elementor-widget-text-editor\" data-id=\"43d65fe\" data-element_type=\"widget\" data-e-type=\"widget\" data-settings=\"{&quot;_animation&quot;:&quot;fadeIn&quot;,&quot;_animation_delay&quot;:400}\" data-widget_type=\"text-editor.default\">\n\t\t\t\t<div class=\"elementor-widget-container\">\n\t\t\t\t\t\t\t\t\t<p>Pennino Advocaten kann diese Erkl\u00e4rung zum Datenschutz jederzeit \u00e4ndern. Die \u00c4nderungen werden auf der Website von Pennino Advocaten ver\u00f6ffentlicht. Wir empfehlen Ihnen, diese Datenschutzerkl\u00e4rung regelm\u00e4\u00dfig zu lesen, damit Sie \u00fcber eventuelle \u00c4nderungen informiert sind.<\/p>\t\t\t\t\t\t\t\t<\/div>\n\t\t\t\t<\/div>\n\t\t\t\t<div class=\"elementor-element elementor-element-0c156c8 de_scroll_animation_no elementor-invisible elementor-widget elementor-widget-heading\" data-id=\"0c156c8\" data-element_type=\"widget\" data-e-type=\"widget\" data-settings=\"{&quot;_animation&quot;:&quot;fadeIn&quot;,&quot;_animation_delay&quot;:200}\" data-widget_type=\"heading.default\">\n\t\t\t\t<div class=\"elementor-widget-container\">\n\t\t\t\t\t<h2 class=\"elementor-heading-title elementor-size-default\">10. Rechte, Fragen und Beschwerden<\/h2>\t\t\t\t<\/div>\n\t\t\t\t<\/div>\n\t\t\t\t<div class=\"elementor-element elementor-element-68fd1ea de_scroll_animation_no elementor-invisible elementor-widget elementor-widget-text-editor\" data-id=\"68fd1ea\" data-element_type=\"widget\" data-e-type=\"widget\" data-settings=\"{&quot;_animation&quot;:&quot;fadeIn&quot;,&quot;_animation_delay&quot;:400}\" data-widget_type=\"text-editor.default\">\n\t\t\t\t<div class=\"elementor-widget-container\">\n\t\t\t\t\t\t\t\t\t<p>Die betroffene Person hat das Recht, von Pennino Advocaten Einsicht, Berichtigung, L\u00f6schung, \u00dcbertragung, Einschr\u00e4nkung und Widerspruch gegen die Verarbeitung personenbezogener Daten zu verlangen. Die betroffene Person kann sich diesbez\u00fcglich an Pennino Advocaten wenden, indem sie eine E-Mail-Nachricht an Pennino Advocaten schickt: <a href=\"mailto:mail@pennino.nl\">mail@pennino.nl<\/a>. <br \/><br \/>Auch wenn Sie Fragen oder Beschwerden \u00fcber die Art und Weise haben, wie Pennino Advocaten personenbezogene Daten verarbeitet, k\u00f6nnen Sie sich an Pennino Advocaten wenden, indem Sie eine E-Mail-Nachricht an Pennino Advocaten senden: <a href=\"mailto:mail@pennino.nl\">mail@pennino.nl<\/a> eine Erl\u00e4uterung des Inhalts der Beschwerde. <br \/>Wir versuchen immer, eine Beschwerde zu Ihrer Zufriedenheit zu l\u00f6sen. Sollte dies nicht gelingen, k\u00f6nnen Sie sich an die Beh\u00f6rde f\u00fcr personenbezogene Daten (AP) wenden.<\/p>\t\t\t\t\t\t\t\t<\/div>\n\t\t\t\t<\/div>\n\t\t\t\t<\/div>\n\t\t\t\t\t<\/div>\n\t\t\t\t<\/div>\n\t\t\t\t<\/div>","protected":false},"excerpt":{"rendered":"<p>Privacy statement Pennino advocaten Pennino Advocaten, gevestigd te Kerkrade en Maastricht hecht belang aan de bescherming van persoonsgegevens. Dit privacystatement legt uit hoe Pennino Advocaten met informatie over een ge\u00efdentificeerde of identificeerbare natuurlijke persoon omgaat, zoals bedoeld in de Algemene verordening gegevensbescherming (AVG). 1. Toepassing Dit privacystatement is van toepassing op de volgende categorie\u00ebn natuurlijke [&hellip;]<\/p>\n","protected":false},"author":1,"featured_media":0,"parent":0,"menu_order":0,"comment_status":"closed","ping_status":"closed","template":"elementor_header_footer","meta":{"footnotes":""},"class_list":["post-935","page","type-page","status-publish","hentry"],"_links":{"self":[{"href":"https:\/\/pennino.nl\/de\/wp-json\/wp\/v2\/pages\/935","targetHints":{"allow":["GET"]}}],"collection":[{"href":"https:\/\/pennino.nl\/de\/wp-json\/wp\/v2\/pages"}],"about":[{"href":"https:\/\/pennino.nl\/de\/wp-json\/wp\/v2\/types\/page"}],"author":[{"embeddable":true,"href":"https:\/\/pennino.nl\/de\/wp-json\/wp\/v2\/users\/1"}],"replies":[{"embeddable":true,"href":"https:\/\/pennino.nl\/de\/wp-json\/wp\/v2\/comments?post=935"}],"version-history":[{"count":7,"href":"https:\/\/pennino.nl\/de\/wp-json\/wp\/v2\/pages\/935\/revisions"}],"predecessor-version":[{"id":1560,"href":"https:\/\/pennino.nl\/de\/wp-json\/wp\/v2\/pages\/935\/revisions\/1560"}],"wp:attachment":[{"href":"https:\/\/pennino.nl\/de\/wp-json\/wp\/v2\/media?parent=935"}],"curies":[{"name":"wp","href":"https:\/\/api.w.org\/{rel}","templated":true}]}}